{"id":42,"date":"2025-10-19T15:28:59","date_gmt":"2025-10-19T15:28:59","guid":{"rendered":"https:\/\/nurmijarvionilmio.fi\/munpolku\/?page_id=42"},"modified":"2025-12-09T10:51:54","modified_gmt":"2025-12-09T08:51:54","slug":"hyvinvointitaitoja-elamaan","status":"publish","type":"page","link":"https:\/\/nurmijarvionilmio.fi\/munpolku\/hyvinvointitaitoja-elamaan\/","title":{"rendered":"Hyvinvointitaitoja el\u00e4m\u00e4\u00e4n"},"content":{"rendered":"\t\t<div data-elementor-type=\"wp-page\" data-elementor-id=\"42\" class=\"elementor elementor-42\">\n\t\t\t\t<div class=\"elementor-element elementor-element-56959251 e-flex e-con-boxed e-con e-parent\" data-id=\"56959251\" data-element_type=\"container\" data-e-type=\"container\">\n\t\t\t\t\t<div class=\"e-con-inner\">\n\t\t\t\t<div class=\"elementor-element elementor-element-1c307418 elementor-widget elementor-widget-text-editor\" data-id=\"1c307418\" data-element_type=\"widget\" data-e-type=\"widget\" data-widget_type=\"text-editor.default\">\n\t\t\t\t\t\t\t\t\t\n<p>Hyvinvointitaitoja el\u00e4m\u00e4\u00e4n -osio sis\u00e4lt\u00e4\u00e4 opetussuunnitelmaan pohjautuvat viisi hyvinvointijaksoa, joihin on tarjolla ik\u00e4tasoista ja k\u00e4yt\u00e4nn\u00f6nl\u00e4heist\u00e4 materiaalia opetuksen tueksi. Sivuston materiaalit ovat koottu lukuisista eri l\u00e4hteist\u00e4.<\/p>\n\t\t\t\t\t\t\t\t<\/div>\n\t\t\t\t\t<\/div>\n\t\t\t\t<\/div>\n\t\t<div class=\"elementor-element elementor-element-538f052 e-flex e-con-boxed e-con e-parent\" data-id=\"538f052\" data-element_type=\"container\" data-e-type=\"container\">\n\t\t\t\t\t<div class=\"e-con-inner\">\n\t\t<div class=\"elementor-element elementor-element-90278bd e-con-full e-flex e-con e-child\" data-id=\"90278bd\" data-element_type=\"container\" data-e-type=\"container\">\n\t\t<div class=\"elementor-element elementor-element-dd67932 e-con-full e-flex e-con e-child\" data-id=\"dd67932\" data-element_type=\"container\" data-e-type=\"container\">\n\t\t\t\t<div class=\"elementor-element elementor-element-a61c885 elementor-widget elementor-widget-text-editor\" data-id=\"a61c885\" data-element_type=\"widget\" data-e-type=\"widget\" data-widget_type=\"text-editor.default\">\n\t\t\t\t\t\t\t\t\t<h5><strong>Yhdess\u00e4 vahvempia<\/strong><\/h5>\n<p>Jakso keskittyy ryhm\u00e4ytymiseen ja kaveritaitojen vahvistamiseen. Tavoitteena on harjoitella yhteisty\u00f6t\u00e4, toisten huomioimista ja my\u00f6nteist\u00e4 vuorovaikutusta.<\/p>\t\t\t\t\t\t\t\t<\/div>\n\t\t\t\t<div class=\"elementor-element elementor-element-4011513 elementor-button-success elementor-widget elementor-widget-button\" data-id=\"4011513\" data-element_type=\"widget\" data-e-type=\"widget\" data-widget_type=\"button.default\">\n\t\t\t\t\t\t\t\t\t\t<a class=\"elementor-button elementor-button-link elementor-size-sm elementor-animation-grow\" href=\"https:\/\/nurmijarvionilmio.fi\/munpolku\/hyvinvointitaitoja-elamaan\/yhdessa-vahvempia\/\">\n\t\t\t\t\t\t<span class=\"elementor-button-content-wrapper\">\n\t\t\t\t\t\t\t\t\t<span class=\"elementor-button-text\">Tutustu jaksoon<\/span>\n\t\t\t\t\t<\/span>\n\t\t\t\t\t<\/a>\n\t\t\t\t\t\t\t\t<\/div>\n\t\t\t\t<\/div>\n\t\t\t\t<div class=\"elementor-element elementor-element-ff3acd3 elementor-widget elementor-widget-image\" data-id=\"ff3acd3\" data-element_type=\"widget\" data-e-type=\"widget\" data-widget_type=\"image.default\">\n\t\t\t\t\t\t\t\t\t\t\t\t\t\t\t\t<a href=\"https:\/\/nurmijarvionilmio.fi\/munpolku\/hyvinvointitaitoja-elamaan\/yhdessa-vahvempia\/\">\n\t\t\t\t\t\t\t<img fetchpriority=\"high\" decoding=\"async\" width=\"750\" height=\"422\" src=\"https:\/\/nurmijarvionilmio.fi\/munpolku\/wp-content\/uploads\/2025\/11\/yhdessa_vahvempia-1024x576.png\" class=\"attachment-large size-large wp-image-385\" alt=\"\" srcset=\"https:\/\/nurmijarvionilmio.fi\/munpolku\/wp-content\/uploads\/2025\/11\/yhdessa_vahvempia-1024x576.png 1024w, https:\/\/nurmijarvionilmio.fi\/munpolku\/wp-content\/uploads\/2025\/11\/yhdessa_vahvempia-300x169.png 300w, https:\/\/nurmijarvionilmio.fi\/munpolku\/wp-content\/uploads\/2025\/11\/yhdessa_vahvempia-768x432.png 768w, https:\/\/nurmijarvionilmio.fi\/munpolku\/wp-content\/uploads\/2025\/11\/yhdessa_vahvempia-1536x864.png 1536w, https:\/\/nurmijarvionilmio.fi\/munpolku\/wp-content\/uploads\/2025\/11\/yhdessa_vahvempia.png 1920w\" sizes=\"(max-width: 750px) 100vw, 750px\" \/>\t\t\t\t\t\t\t\t<\/a>\n\t\t\t\t\t\t\t\t\t\t\t\t\t\t\t<\/div>\n\t\t\t\t<\/div>\n\t\t<div class=\"elementor-element elementor-element-3f78e59 e-con-full e-flex e-con e-child\" data-id=\"3f78e59\" data-element_type=\"container\" data-e-type=\"container\" data-settings=\"{&quot;background_background&quot;:&quot;classic&quot;}\">\n\t\t<div class=\"elementor-element elementor-element-22aecfb e-con-full e-flex e-con e-child\" data-id=\"22aecfb\" data-element_type=\"container\" data-e-type=\"container\">\n\t\t\t\t<div class=\"elementor-element elementor-element-638e64f elementor-widget elementor-widget-text-editor\" data-id=\"638e64f\" data-element_type=\"widget\" data-e-type=\"widget\" data-widget_type=\"text-editor.default\">\n\t\t\t\t\t\t\t\t\t<h5><strong>Voi hyvin<\/strong><\/h5>\n<p>Jaksossa edistet\u00e4\u00e4n taitoja huolehtia itsest\u00e4\u00e4n, digihyvinvoinnistaan ja turvallisuudestaan. Tavoitteena on painottaa omien rajojen tunnistamista ja tasapainoista arkea.<\/p>\t\t\t\t\t\t\t\t<\/div>\n\t\t\t\t<div class=\"elementor-element elementor-element-c7a3030 elementor-button-success elementor-widget elementor-widget-button\" data-id=\"c7a3030\" data-element_type=\"widget\" data-e-type=\"widget\" data-widget_type=\"button.default\">\n\t\t\t\t\t\t\t\t\t\t<a class=\"elementor-button elementor-button-link elementor-size-sm elementor-animation-grow\" href=\"https:\/\/nurmijarvionilmio.fi\/munpolku\/hyvinvointitaitoja-elamaan\/voi-hyvin\/\">\n\t\t\t\t\t\t<span class=\"elementor-button-content-wrapper\">\n\t\t\t\t\t\t\t\t\t<span class=\"elementor-button-text\">Tutustu jaksoon<\/span>\n\t\t\t\t\t<\/span>\n\t\t\t\t\t<\/a>\n\t\t\t\t\t\t\t\t<\/div>\n\t\t\t\t<\/div>\n\t\t\t\t<div class=\"elementor-element elementor-element-deeca8f elementor-widget elementor-widget-image\" data-id=\"deeca8f\" data-element_type=\"widget\" data-e-type=\"widget\" data-widget_type=\"image.default\">\n\t\t\t\t\t\t\t\t\t\t\t\t\t\t\t\t<a href=\"https:\/\/nurmijarvionilmio.fi\/munpolku\/hyvinvointitaitoja-elamaan\/yhdessa-vahvempia\/\">\n\t\t\t\t\t\t\t<img decoding=\"async\" width=\"750\" height=\"422\" src=\"https:\/\/nurmijarvionilmio.fi\/munpolku\/wp-content\/uploads\/2025\/11\/voi_hyvin-1024x576.png\" class=\"attachment-large size-large wp-image-386\" alt=\"\" srcset=\"https:\/\/nurmijarvionilmio.fi\/munpolku\/wp-content\/uploads\/2025\/11\/voi_hyvin-1024x576.png 1024w, https:\/\/nurmijarvionilmio.fi\/munpolku\/wp-content\/uploads\/2025\/11\/voi_hyvin-300x169.png 300w, https:\/\/nurmijarvionilmio.fi\/munpolku\/wp-content\/uploads\/2025\/11\/voi_hyvin-768x432.png 768w, https:\/\/nurmijarvionilmio.fi\/munpolku\/wp-content\/uploads\/2025\/11\/voi_hyvin-1536x864.png 1536w, https:\/\/nurmijarvionilmio.fi\/munpolku\/wp-content\/uploads\/2025\/11\/voi_hyvin.png 1920w\" sizes=\"(max-width: 750px) 100vw, 750px\" \/>\t\t\t\t\t\t\t\t<\/a>\n\t\t\t\t\t\t\t\t\t\t\t\t\t\t\t<\/div>\n\t\t\t\t<\/div>\n\t\t<div class=\"elementor-element elementor-element-458bd9c e-con-full e-flex e-con e-child\" data-id=\"458bd9c\" data-element_type=\"container\" data-e-type=\"container\">\n\t\t<div class=\"elementor-element elementor-element-720c40d e-con-full e-flex e-con e-child\" data-id=\"720c40d\" data-element_type=\"container\" data-e-type=\"container\">\n\t\t\t\t<div class=\"elementor-element elementor-element-f1df858 elementor-widget elementor-widget-text-editor\" data-id=\"f1df858\" data-element_type=\"widget\" data-e-type=\"widget\" data-widget_type=\"text-editor.default\">\n\t\t\t\t\t\t\t\t\t<h5><strong>Tunteet haltuun<\/strong><\/h5>\n<p>Jaksossa vahvistetaan rauhoittumisen ja l\u00e4sn\u00e4olon taitoja sek\u00e4 tunnetaitoja. Tavoitteena on oppia tunnistamaan ja s\u00e4\u00e4telem\u00e4\u00e4n tunteita sek\u00e4 toimimaan tunteiden kanssa rakentavasti.<\/p>\t\t\t\t\t\t\t\t<\/div>\n\t\t\t\t<div class=\"elementor-element elementor-element-f3daf0e elementor-button-success elementor-widget elementor-widget-button\" data-id=\"f3daf0e\" data-element_type=\"widget\" data-e-type=\"widget\" data-widget_type=\"button.default\">\n\t\t\t\t\t\t\t\t\t\t<a class=\"elementor-button elementor-button-link elementor-size-sm elementor-animation-grow\" href=\"https:\/\/nurmijarvionilmio.fi\/munpolku\/hyvinvointitaitoja-elamaan\/tunteet-haltuun\/\">\n\t\t\t\t\t\t<span class=\"elementor-button-content-wrapper\">\n\t\t\t\t\t\t\t\t\t<span class=\"elementor-button-text\">Tutustu jaksoon<\/span>\n\t\t\t\t\t<\/span>\n\t\t\t\t\t<\/a>\n\t\t\t\t\t\t\t\t<\/div>\n\t\t\t\t<\/div>\n\t\t\t\t<div class=\"elementor-element elementor-element-e9930dd elementor-widget elementor-widget-image\" data-id=\"e9930dd\" data-element_type=\"widget\" data-e-type=\"widget\" data-widget_type=\"image.default\">\n\t\t\t\t\t\t\t\t\t\t\t\t\t\t\t\t<a href=\"https:\/\/nurmijarvionilmio.fi\/munpolku\/hyvinvointitaitoja-elamaan\/yhdessa-vahvempia\/\">\n\t\t\t\t\t\t\t<img decoding=\"async\" width=\"750\" height=\"422\" src=\"https:\/\/nurmijarvionilmio.fi\/munpolku\/wp-content\/uploads\/2025\/11\/tunteet_haltuun-1024x576.png\" class=\"attachment-large size-large wp-image-387\" alt=\"\" srcset=\"https:\/\/nurmijarvionilmio.fi\/munpolku\/wp-content\/uploads\/2025\/11\/tunteet_haltuun-1024x576.png 1024w, https:\/\/nurmijarvionilmio.fi\/munpolku\/wp-content\/uploads\/2025\/11\/tunteet_haltuun-300x169.png 300w, https:\/\/nurmijarvionilmio.fi\/munpolku\/wp-content\/uploads\/2025\/11\/tunteet_haltuun-768x432.png 768w, https:\/\/nurmijarvionilmio.fi\/munpolku\/wp-content\/uploads\/2025\/11\/tunteet_haltuun-1536x864.png 1536w, https:\/\/nurmijarvionilmio.fi\/munpolku\/wp-content\/uploads\/2025\/11\/tunteet_haltuun.png 1920w\" sizes=\"(max-width: 750px) 100vw, 750px\" \/>\t\t\t\t\t\t\t\t<\/a>\n\t\t\t\t\t\t\t\t\t\t\t\t\t\t\t<\/div>\n\t\t\t\t<\/div>\n\t\t<div class=\"elementor-element elementor-element-9dcb608 e-con-full e-flex e-con e-child\" data-id=\"9dcb608\" data-element_type=\"container\" data-e-type=\"container\">\n\t\t<div class=\"elementor-element elementor-element-bf100c4 e-con-full e-flex e-con e-child\" data-id=\"bf100c4\" data-element_type=\"container\" data-e-type=\"container\">\n\t\t\t\t<div class=\"elementor-element elementor-element-c54775c elementor-widget elementor-widget-text-editor\" data-id=\"c54775c\" data-element_type=\"widget\" data-e-type=\"widget\" data-widget_type=\"text-editor.default\">\n\t\t\t\t\t\t\t\t\t<h5><strong>Tunne itsesi<\/strong><\/h5>\n<p>Jakso tukee itsetuntemusta, vahvuuksien tunnistamista ja itsetunnon kehitt\u00e4mist\u00e4. Tavoitteena on harjoitella arjen selviytymistaitoja, kuten pettymysten siet\u00e4mist\u00e4.<\/p>\t\t\t\t\t\t\t\t<\/div>\n\t\t\t\t<div class=\"elementor-element elementor-element-237470b elementor-button-success elementor-widget elementor-widget-button\" data-id=\"237470b\" data-element_type=\"widget\" data-e-type=\"widget\" data-widget_type=\"button.default\">\n\t\t\t\t\t\t\t\t\t\t<a class=\"elementor-button elementor-button-link elementor-size-sm\" href=\"https:\/\/nurmijarvionilmio.fi\/munpolku\/hyvinvointitaitoja-elamaan\/tunne-itsesi\/\">\n\t\t\t\t\t\t<span class=\"elementor-button-content-wrapper\">\n\t\t\t\t\t\t\t\t\t<span class=\"elementor-button-text\">Tutustu jaksoon<\/span>\n\t\t\t\t\t<\/span>\n\t\t\t\t\t<\/a>\n\t\t\t\t\t\t\t\t<\/div>\n\t\t\t\t<\/div>\n\t\t\t\t<div class=\"elementor-element elementor-element-6a339f1 elementor-widget elementor-widget-image\" data-id=\"6a339f1\" data-element_type=\"widget\" data-e-type=\"widget\" data-widget_type=\"image.default\">\n\t\t\t\t\t\t\t\t\t\t\t\t\t\t\t<img loading=\"lazy\" decoding=\"async\" width=\"750\" height=\"422\" src=\"https:\/\/nurmijarvionilmio.fi\/munpolku\/wp-content\/uploads\/2025\/11\/tunne_itsesi-1024x576.png\" class=\"attachment-large size-large wp-image-388\" alt=\"\" srcset=\"https:\/\/nurmijarvionilmio.fi\/munpolku\/wp-content\/uploads\/2025\/11\/tunne_itsesi-1024x576.png 1024w, https:\/\/nurmijarvionilmio.fi\/munpolku\/wp-content\/uploads\/2025\/11\/tunne_itsesi-300x169.png 300w, https:\/\/nurmijarvionilmio.fi\/munpolku\/wp-content\/uploads\/2025\/11\/tunne_itsesi-768x432.png 768w, https:\/\/nurmijarvionilmio.fi\/munpolku\/wp-content\/uploads\/2025\/11\/tunne_itsesi-1536x864.png 1536w, https:\/\/nurmijarvionilmio.fi\/munpolku\/wp-content\/uploads\/2025\/11\/tunne_itsesi.png 1920w\" sizes=\"(max-width: 750px) 100vw, 750px\" \/>\t\t\t\t\t\t\t\t\t\t\t\t\t\t\t<\/div>\n\t\t\t\t<\/div>\n\t\t<div class=\"elementor-element elementor-element-ef468ef e-con-full e-flex e-con e-child\" data-id=\"ef468ef\" data-element_type=\"container\" data-e-type=\"container\">\n\t\t<div class=\"elementor-element elementor-element-ac9ce44 e-con-full e-flex e-con e-child\" data-id=\"ac9ce44\" data-element_type=\"container\" data-e-type=\"container\">\n\t\t\t\t<div class=\"elementor-element elementor-element-263224c elementor-widget elementor-widget-text-editor\" data-id=\"263224c\" data-element_type=\"widget\" data-e-type=\"widget\" data-widget_type=\"text-editor.default\">\n\t\t\t\t\t\t\t\t\t<h5><strong>Kohti onnellisuutta ja unelmia<\/strong><\/h5>\n<p>Jakso rohkaisee unelmointiin ja oman tulevaisuuden pohtimiseen. Tavoitteena on vahvistaa onnellisuustaitoja, kiitollisuutta ja my\u00f6nteist\u00e4 ajattelua.<\/p>\t\t\t\t\t\t\t\t<\/div>\n\t\t\t\t<div class=\"elementor-element elementor-element-ff261ee elementor-button-success elementor-widget elementor-widget-button\" data-id=\"ff261ee\" data-element_type=\"widget\" data-e-type=\"widget\" data-widget_type=\"button.default\">\n\t\t\t\t\t\t\t\t\t\t<a class=\"elementor-button elementor-button-link elementor-size-sm\" href=\"https:\/\/nurmijarvionilmio.fi\/munpolku\/hyvinvointitaitoja-elamaan\/kohti-onnellisuutta-ja-unelmia\/\">\n\t\t\t\t\t\t<span class=\"elementor-button-content-wrapper\">\n\t\t\t\t\t\t\t\t\t<span class=\"elementor-button-text\">Tutustu jaksoon<\/span>\n\t\t\t\t\t<\/span>\n\t\t\t\t\t<\/a>\n\t\t\t\t\t\t\t\t<\/div>\n\t\t\t\t<\/div>\n\t\t\t\t<div class=\"elementor-element elementor-element-9f9d448 elementor-widget elementor-widget-image\" data-id=\"9f9d448\" data-element_type=\"widget\" data-e-type=\"widget\" data-widget_type=\"image.default\">\n\t\t\t\t\t\t\t\t\t\t\t\t\t\t\t<img loading=\"lazy\" decoding=\"async\" width=\"750\" height=\"422\" src=\"https:\/\/nurmijarvionilmio.fi\/munpolku\/wp-content\/uploads\/2025\/11\/kohti_onnellisuutta-1024x576.png\" class=\"attachment-large size-large wp-image-389\" alt=\"\" srcset=\"https:\/\/nurmijarvionilmio.fi\/munpolku\/wp-content\/uploads\/2025\/11\/kohti_onnellisuutta-1024x576.png 1024w, https:\/\/nurmijarvionilmio.fi\/munpolku\/wp-content\/uploads\/2025\/11\/kohti_onnellisuutta-300x169.png 300w, https:\/\/nurmijarvionilmio.fi\/munpolku\/wp-content\/uploads\/2025\/11\/kohti_onnellisuutta-768x432.png 768w, https:\/\/nurmijarvionilmio.fi\/munpolku\/wp-content\/uploads\/2025\/11\/kohti_onnellisuutta-1536x864.png 1536w, https:\/\/nurmijarvionilmio.fi\/munpolku\/wp-content\/uploads\/2025\/11\/kohti_onnellisuutta.png 1920w\" sizes=\"(max-width: 750px) 100vw, 750px\" \/>\t\t\t\t\t\t\t\t\t\t\t\t\t\t\t<\/div>\n\t\t\t\t<\/div>\n\t\t\t\t\t<\/div>\n\t\t\t\t<\/div>\n\t\t<div class=\"elementor-element elementor-element-acc416d e-flex e-con-boxed e-con e-parent\" data-id=\"acc416d\" data-element_type=\"container\" data-e-type=\"container\">\n\t\t\t\t\t<div class=\"e-con-inner\">\n\t\t\t\t<div class=\"elementor-element elementor-element-d405e17 elementor-widget elementor-widget-spacer\" data-id=\"d405e17\" data-element_type=\"widget\" data-e-type=\"widget\" data-widget_type=\"spacer.default\">\n\t\t\t\t\t\t\t<div class=\"elementor-spacer\">\n\t\t\t<div class=\"elementor-spacer-inner\"><\/div>\n\t\t<\/div>\n\t\t\t\t\t\t<\/div>\n\t\t\t\t\t<\/div>\n\t\t\t\t<\/div>\n\t\t<div class=\"elementor-element elementor-element-dc42311 e-flex e-con-boxed e-con e-parent\" data-id=\"dc42311\" data-element_type=\"container\" data-e-type=\"container\">\n\t\t\t\t\t<div class=\"e-con-inner\">\n\t\t\t\t<div class=\"elementor-element elementor-element-b33f279 elementor-widget elementor-widget-heading\" data-id=\"b33f279\" data-element_type=\"widget\" data-e-type=\"widget\" data-widget_type=\"heading.default\">\n\t\t\t\t\t<h5 class=\"elementor-heading-title elementor-size-default\">Lataa Mun polku -juliste ja apukysymykset hyvinvointiopetuksen tueksi!<\/h5>\t\t\t\t<\/div>\n\t\t\t\t\t<\/div>\n\t\t\t\t<\/div>\n\t\t<div class=\"elementor-element elementor-element-ff1f4a8 e-flex e-con-boxed e-con e-parent\" data-id=\"ff1f4a8\" data-element_type=\"container\" data-e-type=\"container\">\n\t\t\t\t\t<div class=\"e-con-inner\">\n\t\t<div class=\"elementor-element elementor-element-8a2db6b e-con-full e-flex e-con e-child\" data-id=\"8a2db6b\" data-element_type=\"container\" data-e-type=\"container\">\n\t\t\t\t<div class=\"elementor-element elementor-element-fc4a00e elementor-widget elementor-widget-text-editor\" data-id=\"fc4a00e\" data-element_type=\"widget\" data-e-type=\"widget\" data-widget_type=\"text-editor.default\">\n\t\t\t\t\t\t\t\t\t<ul>\n<li><a href=\"https:\/\/nurmijarvionilmio.fi\/munpolku\/wp-content\/uploads\/2025\/11\/Mun-polku-juliste.pdf\" target=\"_blank\" rel=\"noopener\">Mun polku -juliste&nbsp;<\/a><\/li>\n<li><a href=\"https:\/\/nurmijarvionilmio.fi\/munpolku\/wp-content\/uploads\/2025\/11\/Mun-polku-julisteen-apukysymykset.pdf\" target=\"_blank\" rel=\"noopener\">Mun polku -julisteen apukysymykset&nbsp;<\/a><\/li>\n<li><a href=\"https:\/\/nurmijarvionilmio.fi\/munpolku\/wp-content\/uploads\/2025\/11\/Mun-polku-juliste-SV.pdf\" target=\"_blank\">Mun polku -juliste (svenska)&nbsp;<\/a><\/li>\n<li><a href=\"https:\/\/nurmijarvionilmio.fi\/munpolku\/wp-content\/uploads\/2025\/11\/Mun-polku-julisteen-apukysymykset-SV.pdf\" target=\"_blank\">Mun polku -julisteen apukysymykset (svenska)<\/a><\/li>\n<\/ul>\t\t\t\t\t\t\t\t<\/div>\n\t\t<div class=\"elementor-element elementor-element-a7dba23 e-con-full e-flex e-con e-child\" data-id=\"a7dba23\" data-element_type=\"container\" data-e-type=\"container\">\n\t\t\t\t<div class=\"elementor-element elementor-element-e85deaf elementor-widget elementor-widget-text-editor\" data-id=\"e85deaf\" data-element_type=\"widget\" data-e-type=\"widget\" data-widget_type=\"text-editor.default\">\n\t\t\t\t\t\t\t\t\t<p><em>Julisteen on kuvittanut Emilia Alm.<\/em><\/p>\t\t\t\t\t\t\t\t<\/div>\n\t\t\t\t<\/div>\n\t\t\t\t<\/div>\n\t\t\t\t\t<\/div>\n\t\t\t\t<\/div>\n\t\t\t\t<\/div>\n\t\t","protected":false},"excerpt":{"rendered":"<p>Hyvinvointitaitoja el\u00e4m\u00e4\u00e4n -osio sis\u00e4lt\u00e4\u00e4 opetussuunnitelmaan pohjautuvat viisi hyvinvointijaksoa, joihin on tarjolla ik\u00e4tasoista ja k\u00e4yt\u00e4nn\u00f6nl\u00e4heist\u00e4 materiaalia opetuksen tueksi. Sivuston materiaalit ovat koottu lukuisista eri l\u00e4hteist\u00e4. Yhdess\u00e4 vahvempia Jakso keskittyy ryhm\u00e4ytymiseen ja kaveritaitojen vahvistamiseen. Tavoitteena on harjoitella yhteisty\u00f6t\u00e4, toisten huomioimista ja my\u00f6nteist\u00e4 vuorovaikutusta. Tutustu jaksoon Voi hyvin Jaksossa edistet\u00e4\u00e4n taitoja huolehtia itsest\u00e4\u00e4n, [&hellip;]<\/p>\n","protected":false},"author":1,"featured_media":379,"parent":0,"menu_order":0,"comment_status":"closed","ping_status":"closed","template":"","meta":{"footnotes":""},"class_list":["post-42","page","type-page","status-publish","has-post-thumbnail","hentry"],"_links":{"self":[{"href":"https:\/\/nurmijarvionilmio.fi\/munpolku\/wp-json\/wp\/v2\/pages\/42","targetHints":{"allow":["GET"]}}],"collection":[{"href":"https:\/\/nurmijarvionilmio.fi\/munpolku\/wp-json\/wp\/v2\/pages"}],"about":[{"href":"https:\/\/nurmijarvionilmio.fi\/munpolku\/wp-json\/wp\/v2\/types\/page"}],"author":[{"embeddable":true,"href":"https:\/\/nurmijarvionilmio.fi\/munpolku\/wp-json\/wp\/v2\/users\/1"}],"replies":[{"embeddable":true,"href":"https:\/\/nurmijarvionilmio.fi\/munpolku\/wp-json\/wp\/v2\/comments?post=42"}],"version-history":[{"count":108,"href":"https:\/\/nurmijarvionilmio.fi\/munpolku\/wp-json\/wp\/v2\/pages\/42\/revisions"}],"predecessor-version":[{"id":1081,"href":"https:\/\/nurmijarvionilmio.fi\/munpolku\/wp-json\/wp\/v2\/pages\/42\/revisions\/1081"}],"wp:featuredmedia":[{"embeddable":true,"href":"https:\/\/nurmijarvionilmio.fi\/munpolku\/wp-json\/wp\/v2\/media\/379"}],"wp:attachment":[{"href":"https:\/\/nurmijarvionilmio.fi\/munpolku\/wp-json\/wp\/v2\/media?parent=42"}],"curies":[{"name":"wp","href":"https:\/\/api.w.org\/{rel}","templated":true}]}}