{"id":157,"date":"2025-11-07T10:35:20","date_gmt":"2025-11-07T08:35:20","guid":{"rendered":"https:\/\/nurmijarvionilmio.fi\/munpolku\/?page_id=157"},"modified":"2025-12-05T16:03:33","modified_gmt":"2025-12-05T14:03:33","slug":"kohti-onnellisuutta-ja-unelmia","status":"publish","type":"page","link":"https:\/\/nurmijarvionilmio.fi\/munpolku\/hyvinvointitaitoja-elamaan\/kohti-onnellisuutta-ja-unelmia\/","title":{"rendered":"Kohti onnellisuutta ja unelmia"},"content":{"rendered":"\t\t<div data-elementor-type=\"wp-page\" data-elementor-id=\"157\" class=\"elementor elementor-157\">\n\t\t\t\t<div class=\"elementor-element elementor-element-dfca247 e-flex e-con-boxed e-con e-parent\" data-id=\"dfca247\" data-element_type=\"container\" data-e-type=\"container\">\n\t\t\t\t\t<div class=\"e-con-inner\">\n\t\t\t\t<div class=\"elementor-element elementor-element-06dbc73 elementor-widget elementor-widget-text-editor\" data-id=\"06dbc73\" data-element_type=\"widget\" data-e-type=\"widget\" data-widget_type=\"text-editor.default\">\n\t\t\t\t\t\t\t\t\t<p>Onko sinulla aikaa unelmoinnille? Oletko huomannut, mit\u00e4 sinulla on hyvin t\u00e4ss\u00e4 ja nyt? Ent\u00e4 mist\u00e4 olet kiitollinen? T\u00e4ss\u00e4 jaksossa vahvistetaan onnellisuustaitoja ja unelmointia. N\u00e4m\u00e4 teemat sopivat hyvin lukuvuoden loppuun, jolloin on luontevaa katsoa taaksep\u00e4in mennytt\u00e4 vuotta ja suunnata katse tulevaan.\u00a0<\/p>\n<p>Jotta meill\u00e4 on kyky unelmointiin, on meill\u00e4 oltava nykyhetki tasapainossa. On t\u00e4rke\u00e4\u00e4 osata pys\u00e4hty\u00e4 tarkastelemaan omaa el\u00e4m\u00e4\u00e4ns\u00e4 \u2013 mik\u00e4 on hyvin ja mist\u00e4 asioista olen kiitollinen. Onnellisuustaitojen vahvistaminen kannustaa huomaamaan arjen hyvi\u00e4 asioita, pohtimaan omia arvojaan ja el\u00e4m\u00e4n merkityksellisyytt\u00e4.\u00a0<\/p>\n<p>Lis\u00e4ksi meill\u00e4 t\u00e4ytyy olla tulevaisuudessa jotakin, jota tavoitella. Unelmointi ei ole pelkk\u00e4\u00e4 haaveilua \u2013 se on t\u00e4rke\u00e4 osa hyvinvointia, motivaatiota ja el\u00e4m\u00e4nsuunnan hahmottamista. Kun uskaltaa unelmoida, rakennetaan uskoa itseens\u00e4 ja siihen, ett\u00e4 omilla valinnoilla ja teoilla voi vaikuttaa tulevaan. Unelmat antavat toivoa ja kantavat vaikeidenkin aikojen yli. Ne auttavat n\u00e4kem\u00e4\u00e4n mahdollisuuksia ja luovat motivaatiota pyrki\u00e4 el\u00e4m\u00e4ss\u00e4 eteenp\u00e4in.\u00a0<\/p>\t\t\t\t\t\t\t\t<\/div>\n\t\t\t\t\t<\/div>\n\t\t\t\t<\/div>\n\t\t<div class=\"elementor-element elementor-element-d71f85c e-grid e-con-boxed e-con e-parent\" data-id=\"d71f85c\" data-element_type=\"container\" data-e-type=\"container\">\n\t\t\t\t\t<div class=\"e-con-inner\">\n\t\t\t\t<div class=\"elementor-element elementor-element-4353d68 elementor-position-top elementor-widget elementor-widget-image-box\" data-id=\"4353d68\" data-element_type=\"widget\" data-e-type=\"widget\" data-widget_type=\"image-box.default\">\n\t\t\t\t\t<div class=\"elementor-image-box-wrapper\"><figure class=\"elementor-image-box-img\"><a href=\"https:\/\/nurmijarvionilmio.fi\/munpolku\/hyvinvointitaitoja-elamaan\/kohti-onnellisuutta-ja-unelmia\/onnellisuustaidot\/\" tabindex=\"-1\"><img fetchpriority=\"high\" decoding=\"async\" width=\"1920\" height=\"1080\" src=\"https:\/\/nurmijarvionilmio.fi\/munpolku\/wp-content\/uploads\/2025\/11\/kohti_onnellisuutta.png\" class=\"attachment-full size-full wp-image-389\" alt=\"\" srcset=\"https:\/\/nurmijarvionilmio.fi\/munpolku\/wp-content\/uploads\/2025\/11\/kohti_onnellisuutta.png 1920w, https:\/\/nurmijarvionilmio.fi\/munpolku\/wp-content\/uploads\/2025\/11\/kohti_onnellisuutta-300x169.png 300w, https:\/\/nurmijarvionilmio.fi\/munpolku\/wp-content\/uploads\/2025\/11\/kohti_onnellisuutta-1024x576.png 1024w, https:\/\/nurmijarvionilmio.fi\/munpolku\/wp-content\/uploads\/2025\/11\/kohti_onnellisuutta-768x432.png 768w, https:\/\/nurmijarvionilmio.fi\/munpolku\/wp-content\/uploads\/2025\/11\/kohti_onnellisuutta-1536x864.png 1536w\" sizes=\"(max-width: 1920px) 100vw, 1920px\" \/><\/a><\/figure><div class=\"elementor-image-box-content\"><h3 class=\"elementor-image-box-title\"><a href=\"https:\/\/nurmijarvionilmio.fi\/munpolku\/hyvinvointitaitoja-elamaan\/kohti-onnellisuutta-ja-unelmia\/onnellisuustaidot\/\">Onnellisuustaidot<\/a><\/h3><\/div><\/div>\t\t\t\t<\/div>\n\t\t\t\t<div class=\"elementor-element elementor-element-cb45625 elementor-position-top elementor-widget elementor-widget-image-box\" data-id=\"cb45625\" data-element_type=\"widget\" data-e-type=\"widget\" data-widget_type=\"image-box.default\">\n\t\t\t\t\t<div class=\"elementor-image-box-wrapper\"><figure class=\"elementor-image-box-img\"><a href=\"https:\/\/nurmijarvionilmio.fi\/munpolku\/hyvinvointitaitoja-elamaan\/kohti-onnellisuutta-ja-unelmia\/unelmointi\/\" tabindex=\"-1\"><img fetchpriority=\"high\" decoding=\"async\" width=\"1920\" height=\"1080\" src=\"https:\/\/nurmijarvionilmio.fi\/munpolku\/wp-content\/uploads\/2025\/11\/kohti_onnellisuutta.png\" class=\"attachment-full size-full wp-image-389\" alt=\"\" srcset=\"https:\/\/nurmijarvionilmio.fi\/munpolku\/wp-content\/uploads\/2025\/11\/kohti_onnellisuutta.png 1920w, https:\/\/nurmijarvionilmio.fi\/munpolku\/wp-content\/uploads\/2025\/11\/kohti_onnellisuutta-300x169.png 300w, https:\/\/nurmijarvionilmio.fi\/munpolku\/wp-content\/uploads\/2025\/11\/kohti_onnellisuutta-1024x576.png 1024w, https:\/\/nurmijarvionilmio.fi\/munpolku\/wp-content\/uploads\/2025\/11\/kohti_onnellisuutta-768x432.png 768w, https:\/\/nurmijarvionilmio.fi\/munpolku\/wp-content\/uploads\/2025\/11\/kohti_onnellisuutta-1536x864.png 1536w\" sizes=\"(max-width: 1920px) 100vw, 1920px\" \/><\/a><\/figure><div class=\"elementor-image-box-content\"><h3 class=\"elementor-image-box-title\"><a href=\"https:\/\/nurmijarvionilmio.fi\/munpolku\/hyvinvointitaitoja-elamaan\/kohti-onnellisuutta-ja-unelmia\/unelmointi\/\">Unelmointi<\/a><\/h3><\/div><\/div>\t\t\t\t<\/div>\n\t\t\t\t\t<\/div>\n\t\t\t\t<\/div>\n\t\t\t\t<\/div>\n\t\t","protected":false},"excerpt":{"rendered":"<p>Onko sinulla aikaa unelmoinnille? Oletko huomannut, mit\u00e4 sinulla on hyvin t\u00e4ss\u00e4 ja nyt? Ent\u00e4 mist\u00e4 olet kiitollinen? T\u00e4ss\u00e4 jaksossa vahvistetaan onnellisuustaitoja ja unelmointia. N\u00e4m\u00e4 teemat sopivat hyvin lukuvuoden loppuun, jolloin on luontevaa katsoa taaksep\u00e4in mennytt\u00e4 vuotta ja suunnata katse tulevaan.\u00a0 Jotta meill\u00e4 on kyky unelmointiin, on meill\u00e4 oltava nykyhetki tasapainossa. [&hellip;]<\/p>\n","protected":false},"author":1,"featured_media":389,"parent":42,"menu_order":0,"comment_status":"closed","ping_status":"closed","template":"","meta":{"footnotes":""},"class_list":["post-157","page","type-page","status-publish","has-post-thumbnail","hentry"],"_links":{"self":[{"href":"https:\/\/nurmijarvionilmio.fi\/munpolku\/wp-json\/wp\/v2\/pages\/157","targetHints":{"allow":["GET"]}}],"collection":[{"href":"https:\/\/nurmijarvionilmio.fi\/munpolku\/wp-json\/wp\/v2\/pages"}],"about":[{"href":"https:\/\/nurmijarvionilmio.fi\/munpolku\/wp-json\/wp\/v2\/types\/page"}],"author":[{"embeddable":true,"href":"https:\/\/nurmijarvionilmio.fi\/munpolku\/wp-json\/wp\/v2\/users\/1"}],"replies":[{"embeddable":true,"href":"https:\/\/nurmijarvionilmio.fi\/munpolku\/wp-json\/wp\/v2\/comments?post=157"}],"version-history":[{"count":11,"href":"https:\/\/nurmijarvionilmio.fi\/munpolku\/wp-json\/wp\/v2\/pages\/157\/revisions"}],"predecessor-version":[{"id":863,"href":"https:\/\/nurmijarvionilmio.fi\/munpolku\/wp-json\/wp\/v2\/pages\/157\/revisions\/863"}],"up":[{"embeddable":true,"href":"https:\/\/nurmijarvionilmio.fi\/munpolku\/wp-json\/wp\/v2\/pages\/42"}],"wp:featuredmedia":[{"embeddable":true,"href":"https:\/\/nurmijarvionilmio.fi\/munpolku\/wp-json\/wp\/v2\/media\/389"}],"wp:attachment":[{"href":"https:\/\/nurmijarvionilmio.fi\/munpolku\/wp-json\/wp\/v2\/media?parent=157"}],"curies":[{"name":"wp","href":"https:\/\/api.w.org\/{rel}","templated":true}]}}